{"id":188,"date":"2025-05-16T17:45:49","date_gmt":"2025-05-16T17:45:49","guid":{"rendered":"https:\/\/immagineata.ro\/?page_id=188"},"modified":"2026-01-09T18:12:37","modified_gmt":"2026-01-09T18:12:37","slug":"home","status":"publish","type":"page","link":"https:\/\/immagineata.ro\/","title":{"rendered":"Home"},"content":{"rendered":"\n<div class=\"wp-block-media-text is-stacked-on-mobile\"><figure class=\"wp-block-media-text__media\"><img fetchpriority=\"high\" decoding=\"async\" width=\"683\" height=\"1024\" src=\"https:\/\/immagineata.ro\/wp-content\/uploads\/2026\/01\/Octavian-Diana-1441-683x1024.jpg\" alt=\"\" class=\"wp-image-262 size-full\" srcset=\"https:\/\/immagineata.ro\/wp-content\/uploads\/2026\/01\/Octavian-Diana-1441-683x1024.jpg 683w, https:\/\/immagineata.ro\/wp-content\/uploads\/2026\/01\/Octavian-Diana-1441-200x300.jpg 200w, https:\/\/immagineata.ro\/wp-content\/uploads\/2026\/01\/Octavian-Diana-1441-768x1152.jpg 768w, https:\/\/immagineata.ro\/wp-content\/uploads\/2026\/01\/Octavian-Diana-1441-1024x1536.jpg 1024w, https:\/\/immagineata.ro\/wp-content\/uploads\/2026\/01\/Octavian-Diana-1441-1366x2048.jpg 1366w, https:\/\/immagineata.ro\/wp-content\/uploads\/2026\/01\/Octavian-Diana-1441-40x60.jpg 40w, https:\/\/immagineata.ro\/wp-content\/uploads\/2026\/01\/Octavian-Diana-1441.jpg 1707w\" sizes=\"(max-width: 683px) 100vw, 683px\" \/><\/figure><div class=\"wp-block-media-text__content\">\n<p>10 ani de pove\u0219ti unice, zeci de familii fericite, sute de amintiri nepre\u021buite \u0219i mii de cadre memorabile. Ei \u0219i-au \u00eemp\u0103rt\u0103\u0219it momentele cu noi, iar noi le-am oferit perspectiva noastr\u0103 magic\u0103. Suntem aici!<\/p>\n<\/div><\/div>\n","protected":false},"excerpt":{"rendered":"<p>10 ani de pove\u0219ti unice, zeci de familii fericite, sute de amintiri nepre\u021buite \u0219i mii de cadre memorabile. Ei \u0219i-au \u00eemp\u0103rt\u0103\u0219it momentele cu noi, iar noi le-am oferit perspectiva noastr\u0103 magic\u0103. Suntem aici!<\/p>\n","protected":false},"author":1,"featured_media":0,"parent":0,"menu_order":0,"comment_status":"closed","ping_status":"closed","template":"","meta":{"footnotes":""},"class_list":["post-188","page","type-page","status-publish","hentry","latest_post"],"_links":{"self":[{"href":"https:\/\/immagineata.ro\/index.php?rest_route=\/wp\/v2\/pages\/188","targetHints":{"allow":["GET"]}}],"collection":[{"href":"https:\/\/immagineata.ro\/index.php?rest_route=\/wp\/v2\/pages"}],"about":[{"href":"https:\/\/immagineata.ro\/index.php?rest_route=\/wp\/v2\/types\/page"}],"author":[{"embeddable":true,"href":"https:\/\/immagineata.ro\/index.php?rest_route=\/wp\/v2\/users\/1"}],"replies":[{"embeddable":true,"href":"https:\/\/immagineata.ro\/index.php?rest_route=%2Fwp%2Fv2%2Fcomments&post=188"}],"version-history":[{"count":2,"href":"https:\/\/immagineata.ro\/index.php?rest_route=\/wp\/v2\/pages\/188\/revisions"}],"predecessor-version":[{"id":287,"href":"https:\/\/immagineata.ro\/index.php?rest_route=\/wp\/v2\/pages\/188\/revisions\/287"}],"wp:attachment":[{"href":"https:\/\/immagineata.ro\/index.php?rest_route=%2Fwp%2Fv2%2Fmedia&parent=188"}],"curies":[{"name":"wp","href":"https:\/\/api.w.org\/{rel}","templated":true}]}}